{"id":19,"date":"2025-05-25T09:49:43","date_gmt":"2025-05-25T09:49:43","guid":{"rendered":"https:\/\/limegreen-eland-394584.hostingersite.com\/?page_id=19"},"modified":"2025-12-11T16:05:45","modified_gmt":"2025-12-11T16:05:45","slug":"home","status":"publish","type":"page","link":"https:\/\/mrdino.es\/es\/","title":{"rendered":"Inicio"},"content":{"rendered":"<div data-elementor-type=\"wp-page\" data-elementor-id=\"19\" class=\"elementor elementor-19\" data-elementor-post-type=\"page\">\n\t\t\t\t<div class=\"elementor-element elementor-element-undefined-a86611c e-flex e-con-boxed e-con e-parent\" data-id=\"undefined-a86611c\" data-element_type=\"container\" data-e-type=\"container\" data-settings=\"{&quot;background_background&quot;:&quot;classic&quot;}\">\n\t\t\t\t\t<div class=\"e-con-inner\">\n\t\t\t\t<div class=\"elementor-element elementor-element-undefined-c48ac29 elementor-widget elementor-widget-heading\" data-id=\"undefined-c48ac29\" data-element_type=\"widget\" data-e-type=\"widget\" data-widget_type=\"heading.default\">\n\t\t\t\t<div class=\"elementor-widget-container\">\n\t\t\t\t\t<h1 class=\"elementor-heading-title elementor-size-default\">Bienvenido a nuestra Cueva del Dinosaurio<\/h1>\t\t\t\t<\/div>\n\t\t\t\t<\/div>\n\t\t\t\t<div class=\"elementor-element elementor-element-undefined-014a3dc elementor-widget elementor-widget-heading\" data-id=\"undefined-014a3dc\" data-element_type=\"widget\" data-e-type=\"widget\" data-widget_type=\"heading.default\">\n\t\t\t\t<div class=\"elementor-widget-container\">\n\t\t\t\t\t<h5 class=\"elementor-heading-title elementor-size-default\">Si te gustan los proyectos imperfectos, los resultados inesperados y la alegr\u00eda de descubrir cosas... est\u00e1s en la cueva correcta.<\/h5>\t\t\t\t<\/div>\n\t\t\t\t<\/div>\n\t\t\t\t<div class=\"elementor-element elementor-element-undefined-a83aecd elementor-widget__width-auto elementor-align-right elementor-widget elementor-widget-button\" data-id=\"undefined-a83aecd\" data-element_type=\"widget\" data-e-type=\"widget\" data-widget_type=\"button.default\">\n\t\t\t\t<div class=\"elementor-widget-container\">\n\t\t\t\t\t\t\t\t\t<div class=\"elementor-button-wrapper\">\n\t\t\t\t\t<a class=\"elementor-button elementor-button-link elementor-size-sm\" href=\"https:\/\/mrdino.es\/es\/our-projects\/\">\n\t\t\t\t\t\t<span class=\"elementor-button-content-wrapper\">\n\t\t\t\t\t\t\t\t\t<span class=\"elementor-button-text\">Descubre nuestros proyectos<\/span>\n\t\t\t\t\t<\/span>\n\t\t\t\t\t<\/a>\n\t\t\t\t<\/div>\n\t\t\t\t\t\t\t\t<\/div>\n\t\t\t\t<\/div>\n\t\t\t\t\t<\/div>\n\t\t\t\t<\/div>\n\t\t<div class=\"elementor-element elementor-element-undefined-4c5318d e-flex e-con-boxed e-con e-parent\" data-id=\"undefined-4c5318d\" data-element_type=\"container\" data-e-type=\"container\">\n\t\t\t\t\t<div class=\"e-con-inner\">\n\t\t<div class=\"elementor-element elementor-element-undefined-e416a47 e-flex e-con-boxed e-con e-child\" data-id=\"undefined-e416a47\" data-element_type=\"container\" data-e-type=\"container\">\n\t\t\t\t\t<div class=\"e-con-inner\">\n\t\t\t\t<div class=\"elementor-element elementor-element-undefined-2e9a830 elementor-widget elementor-widget-heading\" data-id=\"undefined-2e9a830\" data-element_type=\"widget\" data-e-type=\"widget\" data-widget_type=\"heading.default\">\n\t\t\t\t<div class=\"elementor-widget-container\">\n\t\t\t\t\t<h2 class=\"elementor-heading-title elementor-size-default\">\u00bfQu\u00e9 hacemos?<\/h2>\t\t\t\t<\/div>\n\t\t\t\t<\/div>\n\t\t\t\t<div class=\"elementor-element elementor-element-undefined-491fc10 elementor-widget elementor-widget-text-editor\" data-id=\"undefined-491fc10\" data-element_type=\"widget\" data-e-type=\"widget\" data-widget_type=\"text-editor.default\">\n\t\t\t\t<div class=\"elementor-widget-container\">\n\t\t\t\t\t\t\t\t\t<p>Simplemente me gusta construir cosas raras y divertidas, tratar de resolver problemas (incluso si apenas s\u00e9 c\u00f3mo) y jugar con el c\u00f3digo y la IA por el gusto de hacerlo.<\/p><p>Todo sobre experimentos, tutoriales, registros de desarrollo y caos creativo de alguien que aprende sobre la marcha.<\/p>\t\t\t\t\t\t\t\t<\/div>\n\t\t\t\t<\/div>\n\t\t\t\t\t<\/div>\n\t\t\t\t<\/div>\n\t\t\t\t\t<\/div>\n\t\t\t\t<\/div>\n\t\t<div class=\"elementor-element elementor-element-a385daf e-flex e-con-boxed e-con e-parent\" data-id=\"a385daf\" data-element_type=\"container\" data-e-type=\"container\">\n\t\t\t\t\t<div class=\"e-con-inner\">\n\t\t\t\t<div class=\"elementor-element elementor-element-6fb159e elementor-widget elementor-widget-heading\" data-id=\"6fb159e\" data-element_type=\"widget\" data-e-type=\"widget\" data-widget_type=\"heading.default\">\n\t\t\t\t<div class=\"elementor-widget-container\">\n\t\t\t\t\t<h2 class=\"elementor-heading-title elementor-size-default\">Proyectos<\/h2>\t\t\t\t<\/div>\n\t\t\t\t<\/div>\n\t\t\t\t<div class=\"elementor-element elementor-element-740f5ae elementor-pagination-type-bullets elementor-arrows-position-inside elementor-pagination-position-outside elementor-widget elementor-widget-n-carousel\" data-id=\"740f5ae\" data-element_type=\"widget\" data-e-type=\"widget\" data-settings=\"{&quot;carousel_items&quot;:[{&quot;slide_title&quot;:&quot;Slide #1&quot;,&quot;_id&quot;:&quot;4001308&quot;},{&quot;slide_title&quot;:&quot;Slide #2&quot;,&quot;_id&quot;:&quot;ea64e8a&quot;},{&quot;slide_title&quot;:&quot;Slide #3&quot;,&quot;_id&quot;:&quot;d0907cf&quot;},{&quot;_id&quot;:&quot;00395c2&quot;,&quot;slide_title&quot;:&quot;Slide #4&quot;}],&quot;slides_to_show_tablet&quot;:&quot;2&quot;,&quot;slides_to_show_mobile&quot;:&quot;1&quot;,&quot;autoplay&quot;:&quot;yes&quot;,&quot;autoplay_speed&quot;:5000,&quot;pause_on_hover&quot;:&quot;yes&quot;,&quot;pause_on_interaction&quot;:&quot;yes&quot;,&quot;infinite&quot;:&quot;yes&quot;,&quot;speed&quot;:500,&quot;offset_sides&quot;:&quot;none&quot;,&quot;arrows&quot;:&quot;yes&quot;,&quot;pagination&quot;:&quot;bullets&quot;,&quot;image_spacing_custom&quot;:{&quot;unit&quot;:&quot;px&quot;,&quot;size&quot;:10,&quot;sizes&quot;:[]},&quot;image_spacing_custom_tablet&quot;:{&quot;unit&quot;:&quot;px&quot;,&quot;size&quot;:&quot;&quot;,&quot;sizes&quot;:[]},&quot;image_spacing_custom_mobile&quot;:{&quot;unit&quot;:&quot;px&quot;,&quot;size&quot;:&quot;&quot;,&quot;sizes&quot;:[]}}\" data-widget_type=\"nested-carousel.default\">\n\t\t\t\t<div class=\"elementor-widget-container\">\n\t\t\t\t\t\t\t<div class=\"e-n-carousel swiper\" role=\"region\" aria-roledescription=\"carousel\" aria-label=\"Carousel\" dir=\"ltr\">\n\t\t\t<div class=\"swiper-wrapper\" aria-live=\"off\">\n\t\t\t\t\t\t\t\t\t\t<div class=\"swiper-slide\" data-slide=\"1\" role=\"group\" aria-roledescription=\"slide\" aria-label=\"1 of 4\">\n\t\t\t\t\t\t\t<div class=\"elementor-element elementor-element-fa1bdcc e-flex e-con-boxed e-con e-child\" data-id=\"fa1bdcc\" data-element_type=\"container\" data-e-type=\"container\">\n\t\t\t\t\t<div class=\"e-con-inner\">\n\t\t\t\t<div class=\"elementor-element elementor-element-55eedc4 elementor-widget elementor-widget-image\" data-id=\"55eedc4\" data-element_type=\"widget\" data-e-type=\"widget\" data-widget_type=\"image.default\">\n\t\t\t\t<div class=\"elementor-widget-container\">\n\t\t\t\t\t\t\t\t\t\t\t\t\t\t\t\t<a href=\"https:\/\/mrdino.es\/es\/woostorelink-plugin\/\">\n\t\t\t\t\t\t\t<img fetchpriority=\"high\" decoding=\"async\" width=\"800\" height=\"800\" src=\"https:\/\/mrdino.es\/wp-content\/uploads\/2025\/06\/WooStoreLink-Logo.webp\" class=\"attachment-large size-large wp-image-107\" alt=\"\" srcset=\"https:\/\/mrdino.es\/wp-content\/uploads\/2025\/06\/WooStoreLink-Logo.webp 1024w, https:\/\/mrdino.es\/wp-content\/uploads\/2025\/06\/WooStoreLink-Logo-300x300.webp 300w, https:\/\/mrdino.es\/wp-content\/uploads\/2025\/06\/WooStoreLink-Logo-150x150.webp 150w, https:\/\/mrdino.es\/wp-content\/uploads\/2025\/06\/WooStoreLink-Logo-768x768.webp 768w, https:\/\/mrdino.es\/wp-content\/uploads\/2025\/06\/WooStoreLink-Logo-12x12.webp 12w\" sizes=\"(max-width: 800px) 100vw, 800px\" \/>\t\t\t\t\t\t\t\t<\/a>\n\t\t\t\t\t\t\t\t\t\t\t\t\t\t\t<\/div>\n\t\t\t\t<\/div>\n\t\t\t\t\t<\/div>\n\t\t\t\t<\/div>\n\t\t\t\t\t\t\t\t<\/div>\n\t\t\t\t\t\t\t\t\t\t\t<div class=\"swiper-slide\" data-slide=\"2\" role=\"group\" aria-roledescription=\"slide\" aria-label=\"2 of 4\">\n\t\t\t\t\t\t\t<div class=\"elementor-element elementor-element-a822ce4 e-flex e-con-boxed e-con e-child\" data-id=\"a822ce4\" data-element_type=\"container\" data-e-type=\"container\">\n\t\t\t\t\t<div class=\"e-con-inner\">\n\t\t\t\t<div class=\"elementor-element elementor-element-e96585f elementor-widget elementor-widget-image\" data-id=\"e96585f\" data-element_type=\"widget\" data-e-type=\"widget\" data-widget_type=\"image.default\">\n\t\t\t\t<div class=\"elementor-widget-container\">\n\t\t\t\t\t\t\t\t\t\t\t\t\t\t\t\t<a href=\"https:\/\/mrdino.es\/es\/mctimecode-plugin\/\">\n\t\t\t\t\t\t\t<img decoding=\"async\" width=\"800\" height=\"800\" src=\"https:\/\/mrdino.es\/wp-content\/uploads\/2025\/06\/MTC-Logo.webp\" class=\"attachment-large size-large wp-image-108\" alt=\"\" srcset=\"https:\/\/mrdino.es\/wp-content\/uploads\/2025\/06\/MTC-Logo.webp 1024w, https:\/\/mrdino.es\/wp-content\/uploads\/2025\/06\/MTC-Logo-300x300.webp 300w, https:\/\/mrdino.es\/wp-content\/uploads\/2025\/06\/MTC-Logo-150x150.webp 150w, https:\/\/mrdino.es\/wp-content\/uploads\/2025\/06\/MTC-Logo-768x768.webp 768w, https:\/\/mrdino.es\/wp-content\/uploads\/2025\/06\/MTC-Logo-12x12.webp 12w\" sizes=\"(max-width: 800px) 100vw, 800px\" \/>\t\t\t\t\t\t\t\t<\/a>\n\t\t\t\t\t\t\t\t\t\t\t\t\t\t\t<\/div>\n\t\t\t\t<\/div>\n\t\t\t\t\t<\/div>\n\t\t\t\t<\/div>\n\t\t\t\t\t\t\t\t<\/div>\n\t\t\t\t\t\t\t\t\t\t\t<div class=\"swiper-slide\" data-slide=\"3\" role=\"group\" aria-roledescription=\"slide\" aria-label=\"3 of 4\">\n\t\t\t\t\t\t\t<div class=\"elementor-element elementor-element-d6d6a70 e-flex e-con-boxed e-con e-child\" data-id=\"d6d6a70\" data-element_type=\"container\" data-e-type=\"container\">\n\t\t\t\t\t<div class=\"e-con-inner\">\n\t\t\t\t<div class=\"elementor-element elementor-element-2bcb3c2 elementor-widget elementor-widget-image\" data-id=\"2bcb3c2\" data-element_type=\"widget\" data-e-type=\"widget\" data-widget_type=\"image.default\">\n\t\t\t\t<div class=\"elementor-widget-container\">\n\t\t\t\t\t\t\t\t\t\t\t\t\t\t\t\t<a href=\"https:\/\/mrdino.es\/es\/mcsmd\/\">\n\t\t\t\t\t\t\t<img decoding=\"async\" width=\"1024\" height=\"1024\" src=\"https:\/\/mrdino.es\/wp-content\/uploads\/2025\/12\/MCSMC-Logo.png\" class=\"attachment-full size-full wp-image-638\" alt=\"\" srcset=\"https:\/\/mrdino.es\/wp-content\/uploads\/2025\/12\/MCSMC-Logo.png 1024w, https:\/\/mrdino.es\/wp-content\/uploads\/2025\/12\/MCSMC-Logo-300x300.png 300w, https:\/\/mrdino.es\/wp-content\/uploads\/2025\/12\/MCSMC-Logo-150x150.png 150w, https:\/\/mrdino.es\/wp-content\/uploads\/2025\/12\/MCSMC-Logo-768x768.png 768w, https:\/\/mrdino.es\/wp-content\/uploads\/2025\/12\/MCSMC-Logo-12x12.png 12w, https:\/\/mrdino.es\/wp-content\/uploads\/2025\/12\/MCSMC-Logo-600x600.png 600w, https:\/\/mrdino.es\/wp-content\/uploads\/2025\/12\/MCSMC-Logo-100x100.png 100w\" sizes=\"(max-width: 1024px) 100vw, 1024px\" \/>\t\t\t\t\t\t\t\t<\/a>\n\t\t\t\t\t\t\t\t\t\t\t\t\t\t\t<\/div>\n\t\t\t\t<\/div>\n\t\t\t\t\t<\/div>\n\t\t\t\t<\/div>\n\t\t\t\t\t\t\t\t<\/div>\n\t\t\t\t\t\t\t\t\t\t\t<div class=\"swiper-slide\" data-slide=\"4\" role=\"group\" aria-roledescription=\"slide\" aria-label=\"4 of 4\">\n\t\t\t\t\t\t\t<div class=\"elementor-element elementor-element-150ccd6 e-flex e-con-boxed e-con e-child\" data-id=\"150ccd6\" data-element_type=\"container\" data-e-type=\"container\">\n\t\t\t\t\t<div class=\"e-con-inner\">\n\t\t\t\t<div class=\"elementor-element elementor-element-4580a41 elementor-widget elementor-widget-image\" data-id=\"4580a41\" data-element_type=\"widget\" data-e-type=\"widget\" data-widget_type=\"image.default\">\n\t\t\t\t<div class=\"elementor-widget-container\">\n\t\t\t\t\t\t\t\t\t\t\t\t\t\t\t\t<a href=\"https:\/\/mrdino.es\/es\/mc-avatars\/\">\n\t\t\t\t\t\t\t<img loading=\"lazy\" decoding=\"async\" width=\"1024\" height=\"1024\" src=\"https:\/\/mrdino.es\/wp-content\/uploads\/2025\/12\/MCA-Logo.png\" class=\"attachment-full size-full wp-image-750\" alt=\"\" srcset=\"https:\/\/mrdino.es\/wp-content\/uploads\/2025\/12\/MCA-Logo.png 1024w, https:\/\/mrdino.es\/wp-content\/uploads\/2025\/12\/MCA-Logo-300x300.png 300w, https:\/\/mrdino.es\/wp-content\/uploads\/2025\/12\/MCA-Logo-150x150.png 150w, https:\/\/mrdino.es\/wp-content\/uploads\/2025\/12\/MCA-Logo-768x768.png 768w, https:\/\/mrdino.es\/wp-content\/uploads\/2025\/12\/MCA-Logo-12x12.png 12w, https:\/\/mrdino.es\/wp-content\/uploads\/2025\/12\/MCA-Logo-600x600.png 600w, https:\/\/mrdino.es\/wp-content\/uploads\/2025\/12\/MCA-Logo-100x100.png 100w\" sizes=\"(max-width: 1024px) 100vw, 1024px\" \/>\t\t\t\t\t\t\t\t<\/a>\n\t\t\t\t\t\t\t\t\t\t\t\t\t\t\t<\/div>\n\t\t\t\t<\/div>\n\t\t\t\t\t<\/div>\n\t\t\t\t<\/div>\n\t\t\t\t\t\t\t\t<\/div>\n\t\t\t\t\t\t\t\t<\/div>\n\t\t<\/div>\n\t\t\t\t\t<div class=\"elementor-swiper-button elementor-swiper-button-prev\" role=\"button\" tabindex=\"0\" aria-label=\"Previous\">\n\t\t\t\t<svg aria-hidden=\"true\" class=\"e-font-icon-svg e-eicon-chevron-left\" viewbox=\"0 0 1000 1000\" xmlns=\"http:\/\/www.w3.org\/2000\/svg\"><path d=\"M646 125C629 125 613 133 604 142L308 442C296 454 292 471 292 487 292 504 296 521 308 533L604 854C617 867 629 875 646 875 663 875 679 871 692 858 704 846 713 829 713 812 713 796 708 779 692 767L438 487 692 225C700 217 708 204 708 187 708 171 704 154 692 142 675 129 663 125 646 125Z\"><\/path><\/svg>\t\t\t<\/div>\n\t\t\t<div class=\"elementor-swiper-button elementor-swiper-button-next\" role=\"button\" tabindex=\"0\" aria-label=\"Next\">\n\t\t\t\t<svg aria-hidden=\"true\" class=\"e-font-icon-svg e-eicon-chevron-right\" viewbox=\"0 0 1000 1000\" xmlns=\"http:\/\/www.w3.org\/2000\/svg\"><path d=\"M696 533C708 521 713 504 713 487 713 471 708 454 696 446L400 146C388 133 375 125 354 125 338 125 325 129 313 142 300 154 292 171 292 187 292 204 296 221 308 233L563 492 304 771C292 783 288 800 288 817 288 833 296 850 308 863 321 871 338 875 354 875 371 875 388 867 400 854L696 533Z\"><\/path><\/svg>\t\t\t<\/div>\n\t\t\t\t\t<div class=\"swiper-pagination\"><\/div>\n\t\t\t\t\t\t<\/div>\n\t\t\t\t<\/div>\n\t\t\t\t<div class=\"elementor-element elementor-element-886540e elementor-widget elementor-widget-spacer\" data-id=\"886540e\" data-element_type=\"widget\" data-e-type=\"widget\" data-widget_type=\"spacer.default\">\n\t\t\t\t<div class=\"elementor-widget-container\">\n\t\t\t\t\t\t\t<div class=\"elementor-spacer\">\n\t\t\t<div class=\"elementor-spacer-inner\"><\/div>\n\t\t<\/div>\n\t\t\t\t\t\t<\/div>\n\t\t\t\t<\/div>\n\t\t\t\t<div class=\"elementor-element elementor-element-5d0a0fd elementor-widget elementor-widget-heading\" data-id=\"5d0a0fd\" data-element_type=\"widget\" data-e-type=\"widget\" data-widget_type=\"heading.default\">\n\t\t\t\t<div class=\"elementor-widget-container\">\n\t\t\t\t\t<h2 class=\"elementor-heading-title elementor-size-default\">Acerca de m\u00ed<\/h2>\t\t\t\t<\/div>\n\t\t\t\t<\/div>\n\t\t\t\t\t<\/div>\n\t\t\t\t<\/div>\n\t\t<div class=\"elementor-element elementor-element-adf3f5f e-flex e-con-boxed e-con e-parent\" data-id=\"adf3f5f\" data-element_type=\"container\" data-e-type=\"container\">\n\t\t\t\t\t<div class=\"e-con-inner\">\n\t\t<div class=\"elementor-element elementor-element-41783f7 e-con-full e-flex e-con e-child\" data-id=\"41783f7\" data-element_type=\"container\" data-e-type=\"container\">\n\t\t\t\t<div class=\"elementor-element elementor-element-91d2a8a elementor-widget elementor-widget-image\" data-id=\"91d2a8a\" data-element_type=\"widget\" data-e-type=\"widget\" data-widget_type=\"image.default\">\n\t\t\t\t<div class=\"elementor-widget-container\">\n\t\t\t\t\t\t\t\t\t\t\t\t\t\t\t<img loading=\"lazy\" decoding=\"async\" width=\"276\" height=\"368\" src=\"https:\/\/mrdino.es\/wp-content\/uploads\/2025\/06\/MrDinoCarlos.webp\" class=\"attachment-large size-large wp-image-127\" alt=\"\" srcset=\"https:\/\/mrdino.es\/wp-content\/uploads\/2025\/06\/MrDinoCarlos.webp 276w, https:\/\/mrdino.es\/wp-content\/uploads\/2025\/06\/MrDinoCarlos-225x300.webp 225w, https:\/\/mrdino.es\/wp-content\/uploads\/2025\/06\/MrDinoCarlos-9x12.webp 9w\" sizes=\"(max-width: 276px) 100vw, 276px\" \/>\t\t\t\t\t\t\t\t\t\t\t\t\t\t\t<\/div>\n\t\t\t\t<\/div>\n\t\t\t\t<\/div>\n\t\t<div class=\"elementor-element elementor-element-80b01ad e-con-full e-flex e-con e-child\" data-id=\"80b01ad\" data-element_type=\"container\" data-e-type=\"container\">\n\t\t<div class=\"elementor-element elementor-element-880e0c9 e-con-full e-flex e-con e-child\" data-id=\"880e0c9\" data-element_type=\"container\" data-e-type=\"container\">\n\t\t\t\t<div class=\"elementor-element elementor-element-b8c4ad8 elementor-widget elementor-widget-text-editor\" data-id=\"b8c4ad8\" data-element_type=\"widget\" data-e-type=\"widget\" data-widget_type=\"text-editor.default\">\n\t\t\t\t<div class=\"elementor-widget-container\">\n\t\t\t\t\t\t\t\t\t<h2>Mr.Dino<\/h2><p data-start=\"198\" data-end=\"306\">\u00a1Ey! Soy MrDino: un desarrollador curioso, entusiasta del caos creativo y la mente detr\u00e1s de <a href=\"https:\/\/nocticraft.com\/\" target=\"_blank\" rel=\"noopener\"><strong><em data-start=\"293\" data-end=\"305\">NoctiCraft<\/em><\/strong><\/a>.<\/p><p data-start=\"308\" data-end=\"608\">Durante el d\u00eda, soy t\u00e9cnico de sistemas. T\u00e9cnico de iluminaci\u00f3n con m\u00e1s de 5 a\u00f1os en la industria de eventos en vivo, creando experiencias de espect\u00e1culos en tiempo real desde detr\u00e1s del escritorio de iluminaci\u00f3n. Por la noche (o en cualquier momento, en realidad), me sumerjo en el <em data-start=\"499\" data-end=\"509\">Dev Cave<\/em>, donde construyo proyectos extra\u00f1os, divertidos y, a menudo, imperfectos, s\u00f3lo por el placer de descubrir cosas.<\/p><p data-start=\"610\" data-end=\"930\">Combino mi amor por la tecnolog\u00eda, el arte y el arte esc\u00e9nico con mi pasi\u00f3n por el c\u00f3digo y Minecraft, aportando un poco de magia del mundo real al virtual. Ya sea que est\u00e9 iluminando un concierto de Minecraft o depurando algo que apenas entiendo, estoy aqu\u00ed para los experimentos, los resultados inesperados y la emoci\u00f3n de aprender sobre la marcha.<\/p>\t\t\t\t\t\t\t\t<\/div>\n\t\t\t\t<\/div>\n\t\t\t\t<\/div>\n\t\t\t\t<\/div>\n\t\t\t\t\t<\/div>\n\t\t\t\t<\/div>\n\t\t\t\t<\/div>","protected":false},"excerpt":{"rendered":"<p>Welcome to Our Dino Cave If you&#8217;re into imperfect projects, unexpected results, and the joy of figuring stuff out&#8230; you&#8217;re in the right cave. Discover our projects What do we do ? I just like building weird and fun things, trying to solve problems (even if I barely know how), and messing around with code [&hellip;]<\/p>","protected":false},"author":1,"featured_media":0,"parent":0,"menu_order":0,"comment_status":"closed","ping_status":"closed","template":"","meta":{"footnotes":""},"class_list":["post-19","page","type-page","status-publish","hentry"],"aioseo_notices":[],"_links":{"self":[{"href":"https:\/\/mrdino.es\/es\/wp-json\/wp\/v2\/pages\/19","targetHints":{"allow":["GET"]}}],"collection":[{"href":"https:\/\/mrdino.es\/es\/wp-json\/wp\/v2\/pages"}],"about":[{"href":"https:\/\/mrdino.es\/es\/wp-json\/wp\/v2\/types\/page"}],"author":[{"embeddable":true,"href":"https:\/\/mrdino.es\/es\/wp-json\/wp\/v2\/users\/1"}],"replies":[{"embeddable":true,"href":"https:\/\/mrdino.es\/es\/wp-json\/wp\/v2\/comments?post=19"}],"version-history":[{"count":55,"href":"https:\/\/mrdino.es\/es\/wp-json\/wp\/v2\/pages\/19\/revisions"}],"predecessor-version":[{"id":754,"href":"https:\/\/mrdino.es\/es\/wp-json\/wp\/v2\/pages\/19\/revisions\/754"}],"wp:attachment":[{"href":"https:\/\/mrdino.es\/es\/wp-json\/wp\/v2\/media?parent=19"}],"curies":[{"name":"wp","href":"https:\/\/api.w.org\/{rel}","templated":true}]}}